{"id":14423,"date":"2018-01-25T22:15:51","date_gmt":"2018-01-25T21:15:51","guid":{"rendered":"https:\/\/marabelia.com\/?page_id=14423"},"modified":"2025-09-25T13:41:53","modified_gmt":"2025-09-25T11:41:53","slug":"contact","status":"publish","type":"page","link":"https:\/\/marabelia.com\/en\/contact\/","title":{"rendered":"Contact"},"content":{"rendered":"<div class=\"wpb-content-wrapper\">[vc_row full_width=&#8221;stretch_row_content_no_spaces&#8221; gap=&#8221;10&#8243; css=&#8221;.vc_custom_1518251539333{margin-top: 0px !important;padding-top: 15% !important;padding-right: 10% !important;padding-bottom: 10% !important;padding-left: 10% !important;background-color: #000000 !important;}&#8221;][vc_column width=&#8221;1\/2&#8243;][vc_column_text css_animation=&#8221;bounceInUp&#8221; css=&#8221;.vc_custom_1749555166169{padding-bottom: 30px !important;}&#8221;]\n<h1><span style=\"color: #f0f0f0;\"><strong><span style=\"font-size: 150%;\">CONTACT<\/span><\/strong><\/span><\/h1>\n<h1><span style=\"color: #f0f0f0;\">WE ARE &amp; WE RESPOND<\/span><\/h1>\n[\/vc_column_text][\/vc_column][vc_column width=&#8221;1\/2&#8243;][vc_column_text css=&#8221;.vc_custom_1749555190466{padding-bottom: 30px !important;}&#8221;]\n\t\t<div class=\"icon-box featured-box icon-box-top text-left\"  >\n\t\t\t\t<div class=\"icon-box-text last-reset\">\n\t\t\t<h5 class=\"uppercase\">E-mail<\/h5>\t\t\t\t\t\t<a href=\"mailto:hola@marabelia.com\"><span style=\"color: #f2f2f2;\">hola@marabelia.com<\/span><\/a>\t\t<\/div>\n\t<\/div>\n\t\n\t[\/vc_column_text][vc_column_text css=&#8221;.vc_custom_1749555209198{padding-bottom: 30px !important;}&#8221;]\n\t\t<div class=\"icon-box featured-box icon-box-top text-left\"  >\n\t\t\t\t<div class=\"icon-box-text last-reset\">\n\t\t\t<h5 class=\"uppercase\">Telephone<\/h5>\t\t\t\t\t\t<span style=\"color: #f2f2f2;\">673252288<\/span>\t\t<\/div>\n\t<\/div>\n\t\n\t[\/vc_column_text][vc_column_text css=&#8221;&#8221;]\n<p style=\"text-align: left;\">\n\t\t<div class=\"icon-box featured-box icon-box-top text-left\"  >\n\t\t\t\t<div class=\"icon-box-text last-reset\">\n\t\t\t<h5 class=\"uppercase\">Marabelia Coop<\/h5>\t\t\t\t\t\t<span style=\"color: #f2f2f2;\">Maryland Innovation Center<\/span><br \/>\n<span style=\"color: #f2f2f2;\"> 6751 Columbia Gateway Dr 331<\/span><br \/>\n<span style=\"color: #f2f2f2;\"> Columbia, MD 21046<\/span>\t\t<\/div>\n\t<\/div>\n\t\n\t\n[\/vc_column_text][\/vc_column][\/vc_row][vc_row full_width=&#8221;stretch_row_content_no_spaces&#8221; css=&#8221;.vc_custom_1518251464287{margin-top: 0px !important;margin-bottom: 0px !important;padding-top: 0px !important;padding-bottom: 0px !important;background-color: #000000 !important;}&#8221;][vc_column][vc_raw_html css=&#8221;&#8221;]JTNDaWZyYW1lJTIwc3JjJTNEJTIyaHR0cHMlM0ElMkYlMkZ3d3cuZ29vZ2xlLmNvbSUyRm1hcHMlMkZlbWJlZCUzRnBiJTNEJTIxMW0xOCUyMTFtMTIlMjExbTMlMjExZDYxODUuMTYxNTQzNjQ4MjY5JTIxMmQtNzYuODAxNTQxMyUyMTNkMzkuMTg0MjUwMjk5OTk5OTk1JTIxMm0zJTIxMWYwJTIxMmYwJTIxM2YwJTIxM20yJTIxMWkxMDI0JTIxMmk3NjglMjE0ZjEzLjElMjEzbTMlMjExbTIlMjExczB4ODljODIwMDI0NTIzYjQ3NyUyNTNBMHg4YzYzZjMxYjYzOTY0NDAzJTIxMnNNYXJ5bGFuZCUyNTIwSW5ub3ZhdGlvbiUyNTIwQ2VudGVyJTI1MjAlMjhNSUMlMjklMjUyMC0lMjUyME1lbnRvcnNoaXAlMjUyMCUyNTI2JTI1MjBTdXBwb3J0JTI1MjBmb3IlMjUyMFN0YXJ0dXBzJTIxNWUwJTIxM20yJTIxMXNlcyUyMTJzdXMlMjE0djE3NTg4MDAxNjI3MTYlMjE1bTIlMjExc2VzJTIxMnN1cyUyMiUyMHdpZHRoJTNEJTIyMTkwMCUyMiUyMGhlaWdodCUzRCUyMjg1MCUyMiUyMHN0eWxlJTNEJTIyYm9yZGVyJTNBMCUzQiUyMiUyMGFsbG93ZnVsbHNjcmVlbiUzRCUyMiUyMiUyMGxvYWRpbmclM0QlMjJsYXp5JTIyJTIwcmVmZXJyZXJwb2xpY3klM0QlMjJuby1yZWZlcnJlci13aGVuLWRvd25ncmFkZSUyMiUzRSUzQyUyRmlmcmFtZSUzRQ==[\/vc_raw_html][\/vc_column][\/vc_row]\n<\/div>","protected":false},"excerpt":{"rendered":"[vc_row full_width=&#8221;stretch_row_content_no_spaces&#8221; gap=&#8221;10&#8243; css=&#8221;.vc_custom_1518251539333{margin-top: 0px !important;padding-top: 15% !important;padding-right: 10% !important;padding-bottom: 10% !important;padding-left: 10% !important;background-color: #000000 !important;}&#8221;][vc_column width=&#8221;1\/2&#8243;][vc_column_text css_animation=&#8221;bounceInUp&#8221; css=&#8221;.vc_custom_1749555166169{padding-bottom: 30px !important;}&#8221;] CONTACT WE ARE &amp; WE RESPOND [\/vc_column_text][\/vc_column][vc_column width=&#8221;1\/2&#8243;][vc_column_text css=&#8221;.vc_custom_1749555190466{padding-bottom: 30px !important;}&#8221;][\/vc_column_text][vc_column_text css=&#8221;.vc_custom_1749555209198{padding-bottom: 30px !important;}&#8221;][\/vc_column_text][vc_column_text css=&#8221;&#8221;] [\/vc_column_text][\/vc_column][\/vc_row][vc_row full_width=&#8221;stretch_row_content_no_spaces&#8221; css=&#8221;.vc_custom_1518251464287{margin-top: 0px !important;margin-bottom: 0px !important;padding-top: 0px !important;padding-bottom: 0px !important;background-color: #000000 !important;}&#8221;][vc_column][vc_raw_html css=&#8221;&#8221;]JTNDaWZyYW1lJTIwc3JjJTNEJTIyaHR0cHMlM0ElMkYlMkZ3d3cuZ29vZ2xlLmNvbSUyRm1hcHMlMkZlbWJlZCUzRnBiJTNEJTIxMW0xOCUyMTFtMTIlMjExbTMlMjExZDYxODUuMTYxNTQzNjQ4MjY5JTIxMmQtNzYuODAxNTQxMyUyMTNkMzkuMTg0MjUwMjk5OTk5OTk1JTIxMm0zJTIxMWYwJTIxMmYwJTIxM2YwJTIxM20yJTIxMWkxMDI0JTIxMmk3NjglMjE0ZjEzLjElMjEzbTMlMjExbTIlMjExczB4ODljODIwMDI0NTIzYjQ3NyUyNTNBMHg4YzYzZjMxYjYzOTY0NDAzJTIxMnNNYXJ5bGFuZCUyNTIwSW5ub3ZhdGlvbiUyNTIwQ2VudGVyJTI1MjAlMjhNSUMlMjklMjUyMC0lMjUyME1lbnRvcnNoaXAlMjUyMCUyNTI2JTI1MjBTdXBwb3J0JTI1MjBmb3IlMjUyMFN0YXJ0dXBzJTIxNWUwJTIxM20yJTIxMXNlcyUyMTJzdXMlMjE0djE3NTg4MDAxNjI3MTYlMjE1bTIlMjExc2VzJTIxMnN1cyUyMiUyMHdpZHRoJTNEJTIyMTkwMCUyMiUyMGhlaWdodCUzRCUyMjg1MCUyMiUyMHN0eWxlJTNEJTIyYm9yZGVyJTNBMCUzQiUyMiUyMGFsbG93ZnVsbHNjcmVlbiUzRCUyMiUyMiUyMGxvYWRpbmclM0QlMjJsYXp5JTIyJTIwcmVmZXJyZXJwb2xpY3klM0QlMjJuby1yZWZlcnJlci13aGVuLWRvd25ncmFkZSUyMiUzRSUzQyUyRmlmcmFtZSUzRQ==[\/vc_raw_html][\/vc_column][\/vc_row]\n","protected":false},"author":1,"featured_media":0,"parent":0,"menu_order":0,"comment_status":"closed","ping_status":"open","template":"page-blank.php","meta":{"footnotes":""},"class_list":["post-14423","page","type-page","status-publish","hentry"],"yoast_head":"<!-- This site is optimized with the Yoast SEO plugin v27.5 - https:\/\/yoast.com\/product\/yoast-seo-wordpress\/ -->\n<title>Contact &#8226; Marabelia | Agencia Digital en Valencia<\/title>\n<meta name=\"robots\" content=\"index, follow, max-snippet:-1, max-image-preview:large, max-video-preview:-1\" \/>\n<link rel=\"canonical\" href=\"https:\/\/marabelia.com\/en\/contact\/\" \/>\n<meta property=\"og:locale\" content=\"en_US\" \/>\n<meta property=\"og:type\" content=\"article\" \/>\n<meta property=\"og:title\" content=\"Contact &#8226; Marabelia | Agencia Digital en Valencia\" \/>\n<meta property=\"og:description\" content=\"[vc_row full_width=&#8221;stretch_row_content_no_spaces&#8221; gap=&#8221;10&#8243; css=&#8221;.vc_custom_1518251539333{margin-top: 0px !important;padding-top: 15% !important;padding-right: 10% !important;padding-bottom: 10% !important;padding-left: 10% !important;background-color: #000000 !important;}&#8221;][vc_column width=&#8221;1\/2&#8243;][vc_column_text css_animation=&#8221;bounceInUp&#8221; css=&#8221;.vc_custom_1749555166169{padding-bottom: 30px !important;}&#8221;] CONTACT WE ARE &amp; WE RESPOND [\/vc_column_text][\/vc_column][vc_column width=&#8221;1\/2&#8243;][vc_column_text css=&#8221;.vc_custom_1749555190466{padding-bottom: 30px !important;}&#8221;][\/vc_column_text][vc_column_text css=&#8221;.vc_custom_1749555209198{padding-bottom: 30px !important;}&#8221;][\/vc_column_text][vc_column_text css=&#8221;&#8221;] [\/vc_column_text][\/vc_column][\/vc_row][vc_row full_width=&#8221;stretch_row_content_no_spaces&#8221; css=&#8221;.vc_custom_1518251464287{margin-top: 0px !important;margin-bottom: 0px !important;padding-top: 0px !important;padding-bottom: 0px !important;background-color: #000000 !important;}&#8221;][vc_column][vc_raw_html css=&#8221;&#8221;]JTNDaWZyYW1lJTIwc3JjJTNEJTIyaHR0cHMlM0ElMkYlMkZ3d3cuZ29vZ2xlLmNvbSUyRm1hcHMlMkZlbWJlZCUzRnBiJTNEJTIxMW0xOCUyMTFtMTIlMjExbTMlMjExZDYxODUuMTYxNTQzNjQ4MjY5JTIxMmQtNzYuODAxNTQxMyUyMTNkMzkuMTg0MjUwMjk5OTk5OTk1JTIxMm0zJTIxMWYwJTIxMmYwJTIxM2YwJTIxM20yJTIxMWkxMDI0JTIxMmk3NjglMjE0ZjEzLjElMjEzbTMlMjExbTIlMjExczB4ODljODIwMDI0NTIzYjQ3NyUyNTNBMHg4YzYzZjMxYjYzOTY0NDAzJTIxMnNNYXJ5bGFuZCUyNTIwSW5ub3ZhdGlvbiUyNTIwQ2VudGVyJTI1MjAlMjhNSUMlMjklMjUyMC0lMjUyME1lbnRvcnNoaXAlMjUyMCUyNTI2JTI1MjBTdXBwb3J0JTI1MjBmb3IlMjUyMFN0YXJ0dXBzJTIxNWUwJTIxM20yJTIxMXNlcyUyMTJzdXMlMjE0djE3NTg4MDAxNjI3MTYlMjE1bTIlMjExc2VzJTIxMnN1cyUyMiUyMHdpZHRoJTNEJTIyMTkwMCUyMiUyMGhlaWdodCUzRCUyMjg1MCUyMiUyMHN0eWxlJTNEJTIyYm9yZGVyJTNBMCUzQiUyMiUyMGFsbG93ZnVsbHNjcmVlbiUzRCUyMiUyMiUyMGxvYWRpbmclM0QlMjJsYXp5JTIyJTIwcmVmZXJyZXJwb2xpY3klM0QlMjJuby1yZWZlcnJlci13aGVuLWRvd25ncmFkZSUyMiUzRSUzQyUyRmlmcmFtZSUzRQ==[\/vc_raw_html][\/vc_column][\/vc_row]\" \/>\n<meta property=\"og:url\" content=\"https:\/\/marabelia.com\/en\/contact\/\" \/>\n<meta property=\"og:site_name\" content=\"Marabelia | Agencia Digital en Valencia\" \/>\n<meta property=\"article:modified_time\" content=\"2025-09-25T11:41:53+00:00\" \/>\n<meta property=\"og:image\" content=\"https:\/\/marabelia.com\/wp-content\/uploads\/2025\/09\/Portada-Marabelia-sitio-1.jpg\" \/>\n\t<meta property=\"og:image:width\" content=\"800\" \/>\n\t<meta property=\"og:image:height\" content=\"800\" \/>\n\t<meta property=\"og:image:type\" content=\"image\/jpeg\" \/>\n<meta name=\"twitter:card\" content=\"summary_large_image\" \/>\n<meta name=\"twitter:label1\" content=\"Est. reading time\" \/>\n\t<meta name=\"twitter:data1\" content=\"1 minute\" \/>\n<script type=\"application\/ld+json\" class=\"yoast-schema-graph\">{\"@context\":\"https:\\\/\\\/schema.org\",\"@graph\":[{\"@type\":\"WebPage\",\"@id\":\"https:\\\/\\\/marabelia.com\\\/en\\\/contact\\\/\",\"url\":\"https:\\\/\\\/marabelia.com\\\/en\\\/contact\\\/\",\"name\":\"Contact &#8226; Marabelia | Agencia Digital en Valencia\",\"isPartOf\":{\"@id\":\"https:\\\/\\\/marabelia.com\\\/#website\"},\"datePublished\":\"2018-01-25T21:15:51+00:00\",\"dateModified\":\"2025-09-25T11:41:53+00:00\",\"breadcrumb\":{\"@id\":\"https:\\\/\\\/marabelia.com\\\/en\\\/contact\\\/#breadcrumb\"},\"inLanguage\":\"en-US\",\"potentialAction\":[{\"@type\":\"ReadAction\",\"target\":[\"https:\\\/\\\/marabelia.com\\\/en\\\/contact\\\/\"]}]},{\"@type\":\"BreadcrumbList\",\"@id\":\"https:\\\/\\\/marabelia.com\\\/en\\\/contact\\\/#breadcrumb\",\"itemListElement\":[{\"@type\":\"ListItem\",\"position\":1,\"name\":\"Portada\",\"item\":\"https:\\\/\\\/marabelia.com\\\/en\\\/\"},{\"@type\":\"ListItem\",\"position\":2,\"name\":\"Contact\"}]},{\"@type\":\"WebSite\",\"@id\":\"https:\\\/\\\/marabelia.com\\\/#website\",\"url\":\"https:\\\/\\\/marabelia.com\\\/\",\"name\":\"MARABELIA. Dise\u00f1o web Valencia. Marketing Digital.\",\"description\":\"Dise\u00f1o web, dise\u00f1o gr\u00e1fico, marketing online y redes sociales.\",\"publisher\":{\"@id\":\"https:\\\/\\\/marabelia.com\\\/#organization\"},\"alternateName\":\"MARABELIA. Dise\u00f1o Web Valencia.\",\"potentialAction\":[{\"@type\":\"SearchAction\",\"target\":{\"@type\":\"EntryPoint\",\"urlTemplate\":\"https:\\\/\\\/marabelia.com\\\/?s={search_term_string}\"},\"query-input\":{\"@type\":\"PropertyValueSpecification\",\"valueRequired\":true,\"valueName\":\"search_term_string\"}}],\"inLanguage\":\"en-US\"},{\"@type\":\"Organization\",\"@id\":\"https:\\\/\\\/marabelia.com\\\/#organization\",\"name\":\"MARABELIA . Dise\u00f1o web Valencia. Marketing Digital.\",\"url\":\"https:\\\/\\\/marabelia.com\\\/\",\"logo\":{\"@type\":\"ImageObject\",\"inLanguage\":\"en-US\",\"@id\":\"https:\\\/\\\/marabelia.com\\\/#\\\/schema\\\/logo\\\/image\\\/\",\"url\":\"https:\\\/\\\/marabelia.com\\\/wp-content\\\/uploads\\\/2025\\\/12\\\/Anagrama-Marabelia.png\",\"contentUrl\":\"https:\\\/\\\/marabelia.com\\\/wp-content\\\/uploads\\\/2025\\\/12\\\/Anagrama-Marabelia.png\",\"width\":1080,\"height\":1080,\"caption\":\"MARABELIA . Dise\u00f1o web Valencia. Marketing Digital.\"},\"image\":{\"@id\":\"https:\\\/\\\/marabelia.com\\\/#\\\/schema\\\/logo\\\/image\\\/\"}}]}<\/script>\n<!-- \/ Yoast SEO plugin. -->","yoast_head_json":{"title":"Contact &#8226; Marabelia | Agencia Digital en Valencia","robots":{"index":"index","follow":"follow","max-snippet":"max-snippet:-1","max-image-preview":"max-image-preview:large","max-video-preview":"max-video-preview:-1"},"canonical":"https:\/\/marabelia.com\/en\/contact\/","og_locale":"en_US","og_type":"article","og_title":"Contact &#8226; Marabelia | Agencia Digital en Valencia","og_description":"[vc_row full_width=&#8221;stretch_row_content_no_spaces&#8221; gap=&#8221;10&#8243; css=&#8221;.vc_custom_1518251539333{margin-top: 0px !important;padding-top: 15% !important;padding-right: 10% !important;padding-bottom: 10% !important;padding-left: 10% !important;background-color: #000000 !important;}&#8221;][vc_column width=&#8221;1\/2&#8243;][vc_column_text css_animation=&#8221;bounceInUp&#8221; css=&#8221;.vc_custom_1749555166169{padding-bottom: 30px !important;}&#8221;] CONTACT WE ARE &amp; WE RESPOND [\/vc_column_text][\/vc_column][vc_column width=&#8221;1\/2&#8243;][vc_column_text css=&#8221;.vc_custom_1749555190466{padding-bottom: 30px !important;}&#8221;][\/vc_column_text][vc_column_text css=&#8221;.vc_custom_1749555209198{padding-bottom: 30px !important;}&#8221;][\/vc_column_text][vc_column_text css=&#8221;&#8221;] [\/vc_column_text][\/vc_column][\/vc_row][vc_row full_width=&#8221;stretch_row_content_no_spaces&#8221; css=&#8221;.vc_custom_1518251464287{margin-top: 0px !important;margin-bottom: 0px !important;padding-top: 0px !important;padding-bottom: 0px !important;background-color: #000000 !important;}&#8221;][vc_column][vc_raw_html css=&#8221;&#8221;]JTNDaWZyYW1lJTIwc3JjJTNEJTIyaHR0cHMlM0ElMkYlMkZ3d3cuZ29vZ2xlLmNvbSUyRm1hcHMlMkZlbWJlZCUzRnBiJTNEJTIxMW0xOCUyMTFtMTIlMjExbTMlMjExZDYxODUuMTYxNTQzNjQ4MjY5JTIxMmQtNzYuODAxNTQxMyUyMTNkMzkuMTg0MjUwMjk5OTk5OTk1JTIxMm0zJTIxMWYwJTIxMmYwJTIxM2YwJTIxM20yJTIxMWkxMDI0JTIxMmk3NjglMjE0ZjEzLjElMjEzbTMlMjExbTIlMjExczB4ODljODIwMDI0NTIzYjQ3NyUyNTNBMHg4YzYzZjMxYjYzOTY0NDAzJTIxMnNNYXJ5bGFuZCUyNTIwSW5ub3ZhdGlvbiUyNTIwQ2VudGVyJTI1MjAlMjhNSUMlMjklMjUyMC0lMjUyME1lbnRvcnNoaXAlMjUyMCUyNTI2JTI1MjBTdXBwb3J0JTI1MjBmb3IlMjUyMFN0YXJ0dXBzJTIxNWUwJTIxM20yJTIxMXNlcyUyMTJzdXMlMjE0djE3NTg4MDAxNjI3MTYlMjE1bTIlMjExc2VzJTIxMnN1cyUyMiUyMHdpZHRoJTNEJTIyMTkwMCUyMiUyMGhlaWdodCUzRCUyMjg1MCUyMiUyMHN0eWxlJTNEJTIyYm9yZGVyJTNBMCUzQiUyMiUyMGFsbG93ZnVsbHNjcmVlbiUzRCUyMiUyMiUyMGxvYWRpbmclM0QlMjJsYXp5JTIyJTIwcmVmZXJyZXJwb2xpY3klM0QlMjJuby1yZWZlcnJlci13aGVuLWRvd25ncmFkZSUyMiUzRSUzQyUyRmlmcmFtZSUzRQ==[\/vc_raw_html][\/vc_column][\/vc_row]","og_url":"https:\/\/marabelia.com\/en\/contact\/","og_site_name":"Marabelia | Agencia Digital en Valencia","article_modified_time":"2025-09-25T11:41:53+00:00","og_image":[{"width":800,"height":800,"url":"https:\/\/marabelia.com\/wp-content\/uploads\/2025\/09\/Portada-Marabelia-sitio-1.jpg","type":"image\/jpeg"}],"twitter_card":"summary_large_image","twitter_misc":{"Est. reading time":"1 minute"},"schema":{"@context":"https:\/\/schema.org","@graph":[{"@type":"WebPage","@id":"https:\/\/marabelia.com\/en\/contact\/","url":"https:\/\/marabelia.com\/en\/contact\/","name":"Contact &#8226; Marabelia | Agencia Digital en Valencia","isPartOf":{"@id":"https:\/\/marabelia.com\/#website"},"datePublished":"2018-01-25T21:15:51+00:00","dateModified":"2025-09-25T11:41:53+00:00","breadcrumb":{"@id":"https:\/\/marabelia.com\/en\/contact\/#breadcrumb"},"inLanguage":"en-US","potentialAction":[{"@type":"ReadAction","target":["https:\/\/marabelia.com\/en\/contact\/"]}]},{"@type":"BreadcrumbList","@id":"https:\/\/marabelia.com\/en\/contact\/#breadcrumb","itemListElement":[{"@type":"ListItem","position":1,"name":"Portada","item":"https:\/\/marabelia.com\/en\/"},{"@type":"ListItem","position":2,"name":"Contact"}]},{"@type":"WebSite","@id":"https:\/\/marabelia.com\/#website","url":"https:\/\/marabelia.com\/","name":"MARABELIA. Dise\u00f1o web Valencia. Marketing Digital.","description":"Dise\u00f1o web, dise\u00f1o gr\u00e1fico, marketing online y redes sociales.","publisher":{"@id":"https:\/\/marabelia.com\/#organization"},"alternateName":"MARABELIA. Dise\u00f1o Web Valencia.","potentialAction":[{"@type":"SearchAction","target":{"@type":"EntryPoint","urlTemplate":"https:\/\/marabelia.com\/?s={search_term_string}"},"query-input":{"@type":"PropertyValueSpecification","valueRequired":true,"valueName":"search_term_string"}}],"inLanguage":"en-US"},{"@type":"Organization","@id":"https:\/\/marabelia.com\/#organization","name":"MARABELIA . Dise\u00f1o web Valencia. Marketing Digital.","url":"https:\/\/marabelia.com\/","logo":{"@type":"ImageObject","inLanguage":"en-US","@id":"https:\/\/marabelia.com\/#\/schema\/logo\/image\/","url":"https:\/\/marabelia.com\/wp-content\/uploads\/2025\/12\/Anagrama-Marabelia.png","contentUrl":"https:\/\/marabelia.com\/wp-content\/uploads\/2025\/12\/Anagrama-Marabelia.png","width":1080,"height":1080,"caption":"MARABELIA . Dise\u00f1o web Valencia. Marketing Digital."},"image":{"@id":"https:\/\/marabelia.com\/#\/schema\/logo\/image\/"}}]}},"_links":{"self":[{"href":"https:\/\/marabelia.com\/en\/wp-json\/wp\/v2\/pages\/14423","targetHints":{"allow":["GET"]}}],"collection":[{"href":"https:\/\/marabelia.com\/en\/wp-json\/wp\/v2\/pages"}],"about":[{"href":"https:\/\/marabelia.com\/en\/wp-json\/wp\/v2\/types\/page"}],"author":[{"embeddable":true,"href":"https:\/\/marabelia.com\/en\/wp-json\/wp\/v2\/users\/1"}],"replies":[{"embeddable":true,"href":"https:\/\/marabelia.com\/en\/wp-json\/wp\/v2\/comments?post=14423"}],"version-history":[{"count":7,"href":"https:\/\/marabelia.com\/en\/wp-json\/wp\/v2\/pages\/14423\/revisions"}],"predecessor-version":[{"id":15298,"href":"https:\/\/marabelia.com\/en\/wp-json\/wp\/v2\/pages\/14423\/revisions\/15298"}],"wp:attachment":[{"href":"https:\/\/marabelia.com\/en\/wp-json\/wp\/v2\/media?parent=14423"}],"curies":[{"name":"wp","href":"https:\/\/api.w.org\/{rel}","templated":true}]}}